{"id":2470,"date":"2017-03-20T10:21:34","date_gmt":"2017-03-20T10:21:34","guid":{"rendered":"http:\/\/demo2.drfuri.com\/unero\/?page_id=2470"},"modified":"2026-03-30T13:31:09","modified_gmt":"2026-03-30T13:31:09","slug":"term-conditions","status":"publish","type":"page","link":"https:\/\/www.gardenmood.be\/index.php\/term-conditions\/","title":{"rendered":"Mentions l\u00e9gales"},"content":{"rendered":"<div class=\"wpb-content-wrapper\"><p>[vc_row][vc_column][vc_column_text css=\u00a0\u00bb\u00a0\u00bb]<\/p>\n<h1 data-section-id=\"ia8a40\" data-start=\"240\" data-end=\"264\">1. MENTIONS L\u00c9GALES<\/h1>\n<h2 data-section-id=\"1kruoj9\" data-start=\"266\" data-end=\"285\">Mentions l\u00e9gales<\/h2>\n<p data-start=\"287\" data-end=\"318\">Le pr\u00e9sent site est \u00e9dit\u00e9 par :<\/p>\n<p data-start=\"320\" data-end=\"397\"><strong data-start=\"320\" data-end=\"344\">Valentin De Busscher<\/strong><br data-start=\"344\" data-end=\"347\" \/>24 rue de Boign\u00e9e 24<br data-start=\"367\" data-end=\"370\" \/>5140 Sombreffe<br data-start=\"384\" data-end=\"387\" \/>Belgique<\/p>\n<p data-start=\"399\" data-end=\"443\">Num\u00e9ro d\u2019entreprise (BCE) : <strong data-start=\"427\" data-end=\"443\">BE1011047925<\/strong><\/p>\n<hr data-start=\"445\" data-end=\"448\" \/>\n<h2 data-section-id=\"a2jb2d\" data-start=\"450\" data-end=\"460\">Contact<\/h2>\n<p data-start=\"462\" data-end=\"511\">T\u00e9l\u00e9phone : (\u00e0 compl\u00e9ter)<br data-start=\"487\" data-end=\"490\" \/>Email : (\u00e0 compl\u00e9ter)<\/p>\n<hr data-start=\"513\" data-end=\"516\" \/>\n<h2 data-section-id=\"ztx7wh\" data-start=\"518\" data-end=\"532\">H\u00e9bergement<\/h2>\n<p data-start=\"534\" data-end=\"617\">Le site est h\u00e9berg\u00e9 par :<br data-start=\"559\" data-end=\"562\" \/>(\u00e0 compl\u00e9ter \u2013 ex : OVHcloud)<br data-start=\"591\" data-end=\"594\" \/>Adresse : (\u00e0 compl\u00e9ter)<\/p>\n<hr data-start=\"619\" data-end=\"622\" \/>\n<h2 data-section-id=\"1470n9i\" data-start=\"624\" data-end=\"651\">Propri\u00e9t\u00e9 intellectuelle<\/h2>\n<p data-start=\"653\" data-end=\"814\">L\u2019ensemble des contenus pr\u00e9sents sur ce site (textes, images, graphismes, logo, etc.) est la propri\u00e9t\u00e9 exclusive de Valentin De Busscher, sauf mention contraire.<\/p>\n<p data-start=\"816\" data-end=\"955\">Toute reproduction, distribution, modification ou utilisation de ces contenus sans autorisation \u00e9crite pr\u00e9alable est strictement interdite.<\/p>\n<hr data-start=\"957\" data-end=\"960\" \/>\n<h2 data-section-id=\"pziwhd\" data-start=\"962\" data-end=\"979\">Responsabilit\u00e9<\/h2>\n<p data-start=\"981\" data-end=\"1181\">Les informations diffus\u00e9es sur ce site sont fournies \u00e0 titre indicatif.<br data-start=\"1052\" data-end=\"1055\" \/>Valentin De Busscher met tout en \u0153uvre pour assurer leur exactitude, mais ne peut garantir l\u2019absence d\u2019erreurs ou d\u2019omissions.<\/p>\n<p data-start=\"1183\" data-end=\"1276\">L\u2019utilisateur est seul responsable de l\u2019utilisation des informations disponibles sur le site.<\/p>\n<hr data-start=\"1278\" data-end=\"1281\" \/>\n<h2 data-section-id=\"mt94ny\" data-start=\"1283\" data-end=\"1300\">Liens externes<\/h2>\n<p data-start=\"1302\" data-end=\"1441\">Le site peut contenir des liens vers d\u2019autres sites.<br data-start=\"1354\" data-end=\"1357\" \/>Valentin De Busscher ne peut \u00eatre tenu responsable du contenu de ces sites externes.<\/p>\n<hr data-start=\"1443\" data-end=\"1446\" \/>\n<h2 data-section-id=\"hzxkgc\" data-start=\"1448\" data-end=\"1467\">Droit applicable<\/h2>\n<p data-start=\"1469\" data-end=\"1511\">Le pr\u00e9sent site est soumis au droit belge.<\/p>\n<p>[\/vc_column_text][\/vc_column][\/vc_row]<\/p>\n<\/div>","protected":false},"excerpt":{"rendered":"<p>[vc_row][vc_column][vc_column_text css=\u00a0\u00bb\u00a0\u00bb] 1. MENTIONS L\u00c9GALES Mentions l\u00e9gales Le pr\u00e9sent site est \u00e9dit\u00e9 par : Valentin De Busscher24 rue de Boign\u00e9e 245140 SombreffeBelgique Num\u00e9ro d\u2019entreprise (BCE) : BE1011047925 Contact T\u00e9l\u00e9phone : (\u00e0 compl\u00e9ter)Email : (\u00e0 compl\u00e9ter) H\u00e9bergement Le site est h\u00e9berg\u00e9 par :(\u00e0 compl\u00e9ter \u2013 ex : OVHcloud)Adresse : (\u00e0 compl\u00e9ter) Propri\u00e9t\u00e9 intellectuelle L\u2019ensemble des contenus<\/p>\n<div class=\"text-left\"><a class=\"btn btn-main btn-lg\" href=\"https:\/\/www.gardenmood.be\/index.php\/term-conditions\/\" >READ MORE<\/a><\/div>\n","protected":false},"author":2,"featured_media":0,"parent":0,"menu_order":0,"comment_status":"closed","ping_status":"closed","template":"","meta":{"footnotes":""},"class_list":["post-2470","page","type-page","status-publish","hentry","blog-item"],"_links":{"self":[{"href":"https:\/\/www.gardenmood.be\/index.php\/wp-json\/wp\/v2\/pages\/2470","targetHints":{"allow":["GET"]}}],"collection":[{"href":"https:\/\/www.gardenmood.be\/index.php\/wp-json\/wp\/v2\/pages"}],"about":[{"href":"https:\/\/www.gardenmood.be\/index.php\/wp-json\/wp\/v2\/types\/page"}],"author":[{"embeddable":true,"href":"https:\/\/www.gardenmood.be\/index.php\/wp-json\/wp\/v2\/users\/2"}],"replies":[{"embeddable":true,"href":"https:\/\/www.gardenmood.be\/index.php\/wp-json\/wp\/v2\/comments?post=2470"}],"version-history":[{"count":1,"href":"https:\/\/www.gardenmood.be\/index.php\/wp-json\/wp\/v2\/pages\/2470\/revisions"}],"predecessor-version":[{"id":3381,"href":"https:\/\/www.gardenmood.be\/index.php\/wp-json\/wp\/v2\/pages\/2470\/revisions\/3381"}],"wp:attachment":[{"href":"https:\/\/www.gardenmood.be\/index.php\/wp-json\/wp\/v2\/media?parent=2470"}],"curies":[{"name":"wp","href":"https:\/\/api.w.org\/{rel}","templated":true}]}}