{"id":3227,"date":"2017-05-04T08:40:12","date_gmt":"2017-05-04T08:40:12","guid":{"rendered":"http:\/\/localhost:8080\/urok\/?page_id=1969"},"modified":"2026-03-30T12:13:14","modified_gmt":"2026-03-30T12:13:14","slug":"realisations","status":"publish","type":"page","link":"https:\/\/www.gardenmood.be\/index.php\/realisations\/","title":{"rendered":"R\u00e9alisations"},"content":{"rendered":"<div class=\"wpb-content-wrapper\"><p>[vc_row full_width=\u00a0\u00bbstretch_row_content_no_spaces\u00a0\u00bb el_id=\u00a0\u00bbhome\u00a0\u00bb][vc_column]<section class=\"home bg mask dark  op4 parallax\" data-background=\"https:\/\/www.gardenmood.be\/wp-content\/uploads\/2026\/03\/sdqds.jpg\"><div class=\"js-height-100\"><div class=\"home-content-center\"><div class=\"home-block pr20 pl20\"><div class=\"home-text lines-home\"><div class=\"home-mask bg-mask dark op2\"><\/div><h1 class=\"home-title\"><strong>Garden Mood <\/strong><\/h1><h2 class=\"home-subtitle\">Entretiens \/ Cr\u00e9ations<\/h2><div class=\"line-home line-top\"><\/div><div class=\"line-home line-right\"><\/div><div class=\"line-home line-bottom\"><\/div><div class=\"line-home line-left\"><\/div><div class=\"line-home-hover line-top\"><\/div><div class=\"line-home-hover line-right\"><\/div><div class=\"line-home-hover line-bottom\"><\/div><div class=\"line-home-hover line-left\"><\/div><\/div><\/div><\/div><\/div><div class=\"scroll-info\"><\/div><\/section>[\/vc_column][\/vc_row][vc_row full_width=\u00a0\u00bbstretch_row_content_no_spaces\u00a0\u00bb css=\u00a0\u00bb.vc_custom_1493887525592{padding-top: 120px !important;padding-bottom: 120px !important;}\u00a0\u00bb el_id=\u00a0\u00bbportfolio\u00a0\u00bb][vc_column]<div class=\"portfolio\"><div class=\"container\"><div class=\"row\"><div class=\"filters\"><ul><li><a href=\"#\" class=\"selected\" data-filter=\"*\">All Works<\/a><\/li><li><a href=\"#\" data-filter=\".creations\">Cr\u00e9ations<\/a><\/li><li><a href=\"#\" data-filter=\".entretiens\">Entretiens<\/a><\/li><li><a href=\"#\" data-filter=\".tailles\">Tailles<\/a><\/li><li><a href=\"#\" data-filter=\".tontes\">Tontes<\/a><\/li><\/ul><\/div><\/div><\/div><div class=\"items-sizer\">\r\n\t\t\t\t\t   <div class=\"items masonry   p-des \">\r\n\t\t\t\t\t\t   <div class=\"item-sizer\"><\/div><div class=\"item   hover-effect js-pd-height-lg creations \"><a href=\"https:\/\/www.gardenmood.be\/index.php\/portfolio\/551\/\"><div class=\"item-img\"><img decoding=\"async\" src=\"https:\/\/www.gardenmood.be\/wp-content\/uploads\/2026\/03\/IMG_7187-2.jpeg\" alt=\"Arrangements\"><\/div><div class=\"mask\"><div class=\"description\"><h2>Arrangements<\/h2><div class=\"subtitle\">Cr\u00e9ations<\/div><\/div><\/div><\/a><\/div><div class=\"item   hover-effect js-pd-height-lg tontes \"><a href=\"https:\/\/www.gardenmood.be\/index.php\/portfolio\/beautiful-women\/\"><div class=\"item-img\"><img decoding=\"async\" src=\"https:\/\/www.gardenmood.be\/wp-content\/uploads\/2026\/03\/IMG_6398-2.jpeg\" alt=\"Tontes\"><\/div><div class=\"mask\"><div class=\"description\"><h2>Tontes<\/h2><div class=\"subtitle\">Tontes<\/div><\/div><\/div><\/a><\/div><div class=\"item w2 hover-effect bglight pd-height branding product-design graphic-design photography\"><div class=\"portfolio-description js-pd-height\"><div class=\"col-sm-8 col-sm-offset-2 mb40\"><h2 class=\"section-title\">Nos r\u00e9alisations<\/h2><h3 class=\"section-subtitle\">Chaque jardin est unique.<\/h3><\/div><div class=\"col-sm-8 col-sm-offset-2\"><p class=\"mb40\">Voici un aper\u00e7u des transformations r\u00e9alis\u00e9es chez mes clients, avec des r\u00e9sultats visibles d\u00e8s la premi\u00e8re intervention.<\/p><\/div><\/div><\/div><div class=\"item visible-3-columns  hover-effect js-pd-height-lg entretiens tailles \"><a href=\"https:\/\/www.gardenmood.be\/index.php\/portfolio\/ramiro-s-drake\/\"><div class=\"item-img\"><img decoding=\"async\" src=\"https:\/\/www.gardenmood.be\/wp-content\/uploads\/2026\/03\/IMG_6074-2.jpeg\" alt=\"Tailles de haies\"><\/div><div class=\"mask\"><div class=\"description\"><h2>Tailles de haies<\/h2><div class=\"subtitle\">Entretiens \/ Tailles<\/div><\/div><\/div><\/a><\/div><\/div><\/div><\/div><\/div>[\/vc_column][\/vc_row]<\/p>\n<\/div>","protected":false},"excerpt":{"rendered":"<p>[vc_row full_width=\u00a0\u00bbstretch_row_content_no_spaces\u00a0\u00bb el_id=\u00a0\u00bbhome\u00a0\u00bb][vc_column][\/vc_column][\/vc_row][vc_row full_width=\u00a0\u00bbstretch_row_content_no_spaces\u00a0\u00bb css=\u00a0\u00bb.vc_custom_1493887525592{padding-top: 120px !important;padding-bottom: 120px !important;}\u00a0\u00bb el_id=\u00a0\u00bbportfolio\u00a0\u00bb][vc_column][\/vc_column][\/vc_row]<\/p>\n","protected":false},"author":1,"featured_media":0,"parent":0,"menu_order":0,"comment_status":"closed","ping_status":"closed","template":"","meta":{"footnotes":""},"class_list":["post-3227","page","type-page","status-publish","hentry","blog-item"],"_links":{"self":[{"href":"https:\/\/www.gardenmood.be\/index.php\/wp-json\/wp\/v2\/pages\/3227","targetHints":{"allow":["GET"]}}],"collection":[{"href":"https:\/\/www.gardenmood.be\/index.php\/wp-json\/wp\/v2\/pages"}],"about":[{"href":"https:\/\/www.gardenmood.be\/index.php\/wp-json\/wp\/v2\/types\/page"}],"author":[{"embeddable":true,"href":"https:\/\/www.gardenmood.be\/index.php\/wp-json\/wp\/v2\/users\/1"}],"replies":[{"embeddable":true,"href":"https:\/\/www.gardenmood.be\/index.php\/wp-json\/wp\/v2\/comments?post=3227"}],"version-history":[{"count":13,"href":"https:\/\/www.gardenmood.be\/index.php\/wp-json\/wp\/v2\/pages\/3227\/revisions"}],"predecessor-version":[{"id":3340,"href":"https:\/\/www.gardenmood.be\/index.php\/wp-json\/wp\/v2\/pages\/3227\/revisions\/3340"}],"wp:attachment":[{"href":"https:\/\/www.gardenmood.be\/index.php\/wp-json\/wp\/v2\/media?parent=3227"}],"curies":[{"name":"wp","href":"https:\/\/api.w.org\/{rel}","templated":true}]}}